{"id":559,"date":"2025-07-30T12:37:37","date_gmt":"2025-07-30T12:37:37","guid":{"rendered":"https:\/\/arrelsvisuals.com\/index.php\/politica-de-cookies\/"},"modified":"2025-07-30T12:56:15","modified_gmt":"2025-07-30T12:56:15","slug":"politica-de-cookies","status":"publish","type":"page","link":"https:\/\/arrelsvisuals.com\/index.php\/politica-de-cookies\/","title":{"rendered":"Pol\u00edtica de cookies"},"content":{"rendered":"<h1>Pol\u00edtica de cookies<\/h1>\n<p>\n\tUna <em>cookie<\/em> es un peque\u00f1o fichero de texto que se almacena en su navegador cuando visita casi cualquier p\u00e1gina web. Su utilidad es que la web sea capaz de recordar su visita cuando vuelva a navegar por esa p\u00e1gina. Las <em>cookies<\/em> suelen almacenar informaci\u00f3n de car\u00e1cter t\u00e9cnico, preferencias personales, personalizaci\u00f3n de contenidos, estad\u00edsticas de uso, enlaces a redes sociales, acceso a cuentas de usuario, etc. El objetivo de la <em>cookie<\/em> es adaptar el contenido de la web a su perfil y necesidades, sin <em>cookies<\/em> los servicios ofrecidos por cualquier p\u00e1gina se ver\u00edan mermados notablemente. Si desea consultar m\u00e1s informaci\u00f3n sobre qu\u00e9 son las <em>cookies<\/em>, qu\u00e9 almacenan, c\u00f3mo eliminarlas, desactivarlas, etc., <a href=\"https:\/\/arrelsvisuals.com\/index.php\/mas-informacion-sobre-las-cookies\/\">le rogamos se dirija a este enlace.<\/a>\n<\/p>\n<h2>Cookies utilizadas en este sitio web<\/h2>\n<p>\n\tSiguiendo las directrices de la Agencia Espa\u00f1ola de Protecci\u00f3n de Datos procedemos a detallar el uso de <em>cookies<\/em> que hace esta web con el fin de informarle con la m\u00e1xima exactitud posible.\n<\/p>\n<p>\n\tEste sitio web utiliza las siguientes <strong>cookies propias<\/strong>:<\/p>\n<ul>\n<li>Cookies de sesi\u00f3n, para garantizar que los usuarios que escriban comentarios en el blog sean humanos y no aplicaciones automatizadas. De esta forma se combate el <em>spam<\/em>.<\/li>\n<\/ul>\n<p>\n\tEste sitio web utiliza las siguientes <strong>cookies de terceros<\/strong>:<\/p>\n<ul>\n<li>Google Analytics: Almacena <em>cookies<\/em> para poder elaborar estad\u00edsticas sobre el tr\u00e1fico y volumen de visitas de esta web. Al utilizar este sitio web est\u00e1 consintiendo el tratamiento de informaci\u00f3n acerca de usted por Google. Por tanto, el ejercicio de cualquier derecho en este sentido deber\u00e1 hacerlo comunicando directamente con Google.<\/li>\n<li>Redes sociales: Cada red social utiliza sus propias <em>cookies<\/em> para que usted pueda pinchar en botones del tipo <em>Me gusta<\/em> o <em>Compartir<\/em>.<\/li>\n<\/ul>\n<h2>Desactivaci\u00f3n o eliminaci\u00f3n de cookies<\/h2>\n<p>\n\tEn cualquier momento podr\u00e1 ejercer su derecho de desactivaci\u00f3n o eliminaci\u00f3n de cookies de este sitio web. Estas acciones se realizan de forma diferente en funci\u00f3n del navegador que est\u00e9 usando. <a href=\"https:\/\/arrelsvisuals.com\/index.php\/mas-informacion-sobre-las-cookies\/#navegadores\">Aqu\u00ed le dejamos una gu\u00eda r\u00e1pida para los navegadores m\u00e1s populares<\/a>.\n<\/p>\n<h2>Notas adicionales<\/h2>\n<ul>\n<li>\n\t\t\tNi esta web ni sus representantes legales se hacen responsables ni del contenido ni de la veracidad de las pol\u00edticas de privacidad que puedan tener los terceros mencionados en esta pol\u00edtica de <em>cookies<\/em>.\n\t\t<\/li>\n<li>\n\t\t\tLos navegadores web son las herramientas encargadas de almacenar las <em>cookies<\/em> y desde este lugar debe efectuar su derecho a eliminaci\u00f3n o desactivaci\u00f3n de las mismas. Ni esta web ni sus representantes legales pueden garantizar la correcta o incorrecta manipulaci\u00f3n de las <em>cookies<\/em> por parte de los mencionados navegadores.\n\t\t<\/li>\n<li>\n\t\t\tEn algunos casos es necesario instalar <em>cookies<\/em> para que el navegador no olvide su decisi\u00f3n de no aceptaci\u00f3n de las mismas.\n\t\t<\/li>\n<li>\n\t\t\tEn el caso de las <em>cookies<\/em> de Google Analytics, esta empresa almacena las <em>cookies<\/em> en servidores ubicados en Estados Unidos y se compromete a no compartirla con terceros, excepto en los casos en los que sea necesario para el funcionamiento del sistema o cuando la ley obligue a tal efecto. Seg\u00fan Google no guarda su direcci\u00f3n IP. Google Inc. es una compa\u00f1\u00eda adherida al Acuerdo de Puerto Seguro que garantiza que todos los datos transferidos ser\u00e1n tratados con un nivel de protecci\u00f3n acorde a la normativa europea. Puede consultar informaci\u00f3n detallada a este respecto <a href=\"http:\/\/safeharbor.export.gov\/companyinfo.aspx?id=16626\" target=\"_blank\">en este enlace<\/a>. Si desea informaci\u00f3n sobre el uso que Google da a las cookies <a href=\"https:\/\/developers.google.com\/analytics\/devguides\/collection\/analyticsjs\/cookie-usage?hl=es&#038;csw=1\" target=\"_blank\">le adjuntamos este otro enlace<\/a>.\n\t\t<\/li>\n<li>\n\t\t\tPara cualquier duda o consulta acerca de esta pol\u00edtica de <em>cookies<\/em> no dude en comunicarse con nosotros a trav\u00e9s de la secci\u00f3n de contacto.<\/a>\n\t\t<\/li>\n<\/ul>\n\n\n<hr class=\"wp-block-separator has-alpha-channel-opacity\"\/>\n\n\n\n<h1 class=\"wp-block-heading\">Cookie policy<\/h1>\n\n\n\n<p>A cookie is a small text file that is stored in your browser when you visit almost any website. Its purpose is to enable the website to remember your visit when you return to browse that page. Cookies usually store technical information, personal preferences, content personalisation, usage statistics, links to social networks, access to user accounts, etc. The purpose of cookies is to adapt the content of the website to your profile and needs. Without cookies, the services offered by any website would be significantly reduced. If you would like more information about what cookies are, what they store, how to delete them, how to disable them, etc., please visit this link.<\/p>\n\n\n\n<h2 class=\"wp-block-heading\">Cookies used on this website<\/h2>\n\n\n\n<p>In accordance with the guidelines of the Spanish Data Protection Agency, we hereby detail the use of cookies on this website in order to inform you as accurately as possible.<\/p>\n\n\n\n<h2 class=\"wp-block-heading\">This website uses the following own cookies:<\/h2>\n\n\n\n<ul class=\"wp-block-list\">\n<li>Session cookies, to ensure that users who write comments on the blog are human and not automated applications. This helps to combat spam.<\/li>\n<\/ul>\n\n\n\n<p><\/p>\n\n\n\n<h2 class=\"wp-block-heading\">This website uses the following third-party cookies:<\/h2>\n\n\n\n<ul class=\"wp-block-list\">\n<li>Google Analytics: Stores cookies to collect statistics on traffic and the volume of visits to this website. By using this website, you consent to Google processing information about you. Therefore, the exercise of any rights in this regard must be done by contacting Google directly.<\/li>\n\n\n\n<li>Social networks: Each social network uses its own cookies so that you can click on buttons such as \u2018Like\u2019 or \u2018Share\u2019.<\/li>\n\n\n\n<li><\/li>\n<\/ul>\n\n\n\n<h2 class=\"wp-block-heading\">Deactivating or deleting cookies<\/h2>\n\n\n\n<p><br>You can exercise your right to deactivate or delete cookies from this website at any time. These actions are performed differently depending on the browser you are using. Below is a quick guide for the most popular browsers.<\/p>\n\n\n\n<h2 class=\"wp-block-heading\">Additional notes<\/h2>\n\n\n\n<ul class=\"wp-block-list\">\n<li>Neither this website nor its legal representatives are responsible for the content or accuracy of the privacy policies of third parties mentioned in this cookie policy.<\/li>\n\n\n\n<li>Web browsers are the tools responsible for storing cookies, and it is from here that you must exercise your right to delete or disable them. Neither this website nor its legal representatives can guarantee the correct or incorrect handling of cookies by the aforementioned browsers.<\/li>\n\n\n\n<li>In some cases, it is necessary to install cookies so that the browser does not forget your decision not to accept them.<\/li>\n\n\n\n<li>In the case of Google Analytics cookies, this company stores cookies on servers located in the United States and undertakes not to share them with third parties, except in cases where it is necessary for the functioning of the system or when required by law. According to Google, it does not store your IP address. Google Inc. is a company adhering to the Safe Harbour Agreement, which guarantees that all data transferred will be treated with a level of protection in accordance with European regulations. You can find detailed information on this subject at this link. If you would like information on how Google uses cookies, please click on this other link.<\/li>\n\n\n\n<li>If you have any questions or queries about this cookie policy, please do not hesitate to contact us through the contact section.<\/li>\n<\/ul>\n\n\n\n<p><\/p>\n","protected":false},"excerpt":{"rendered":"<p>Pol\u00edtica de cookies Una cookie es un peque\u00f1o fichero de texto que se almacena en su navegador cuando visita casi cualquier p\u00e1gina web. Su utilidad es que la web sea&#8230;<\/p>\n","protected":false},"author":1,"featured_media":0,"parent":0,"menu_order":0,"comment_status":"closed","ping_status":"closed","template":"","meta":{"footnotes":""},"class_list":["post-559","page","type-page","status-publish"],"_links":{"self":[{"href":"https:\/\/arrelsvisuals.com\/index.php\/wp-json\/wp\/v2\/pages\/559","targetHints":{"allow":["GET"]}}],"collection":[{"href":"https:\/\/arrelsvisuals.com\/index.php\/wp-json\/wp\/v2\/pages"}],"about":[{"href":"https:\/\/arrelsvisuals.com\/index.php\/wp-json\/wp\/v2\/types\/page"}],"author":[{"embeddable":true,"href":"https:\/\/arrelsvisuals.com\/index.php\/wp-json\/wp\/v2\/users\/1"}],"replies":[{"embeddable":true,"href":"https:\/\/arrelsvisuals.com\/index.php\/wp-json\/wp\/v2\/comments?post=559"}],"version-history":[{"count":0,"href":"https:\/\/arrelsvisuals.com\/index.php\/wp-json\/wp\/v2\/pages\/559\/revisions"}],"wp:attachment":[{"href":"https:\/\/arrelsvisuals.com\/index.php\/wp-json\/wp\/v2\/media?parent=559"}],"curies":[{"name":"wp","href":"https:\/\/api.w.org\/{rel}","templated":true}]}}